{"id":32,"date":"2022-06-14T23:01:00","date_gmt":"2022-06-15T02:01:00","guid":{"rendered":"https:\/\/congressogoianoortopedia.com.br\/?page_id=32"},"modified":"2024-06-24T22:49:04","modified_gmt":"2024-06-25T01:49:04","slug":"inscricoes","status":"publish","type":"page","link":"https:\/\/congressogoianoortopedia.com.br\/2024\/inscricoes\/","title":{"rendered":"Inscri\u00e7\u00f5es"},"content":{"rendered":"\t\t<div data-elementor-type=\"wp-page\" data-elementor-id=\"32\" class=\"elementor elementor-32\" data-elementor-post-type=\"page\">\n\t\t\t\t\t\t<section class=\"elementor-section elementor-top-section elementor-element elementor-element-1dc85fd9 elementor-section-height-min-height elementor-section-boxed elementor-section-height-default elementor-section-items-middle\" data-id=\"1dc85fd9\" data-element_type=\"section\" data-e-type=\"section\" data-settings=\"{&quot;background_background&quot;:&quot;classic&quot;}\">\n\t\t\t\t\t\t\t<div class=\"elementor-background-overlay\"><\/div>\n\t\t\t\t\t\t\t<div class=\"elementor-container elementor-column-gap-default\">\n\t\t\t\t\t<div class=\"elementor-column elementor-col-100 elementor-top-column elementor-element elementor-element-19939c4\" data-id=\"19939c4\" data-element_type=\"column\" data-e-type=\"column\">\n\t\t\t<div class=\"elementor-widget-wrap elementor-element-populated\">\n\t\t\t\t\t\t\t<\/div>\n\t\t<\/div>\n\t\t\t\t\t<\/div>\n\t\t<\/section>\n\t\t\t\t<section class=\"elementor-section elementor-top-section elementor-element elementor-element-26a8af69 elementor-section-content-middle elementor-section-boxed elementor-section-height-default elementor-section-height-default\" data-id=\"26a8af69\" data-element_type=\"section\" data-e-type=\"section\">\n\t\t\t\t\t\t<div class=\"elementor-container elementor-column-gap-no\">\n\t\t\t\t\t<div class=\"elementor-column elementor-col-100 elementor-top-column elementor-element elementor-element-641df0f2\" data-id=\"641df0f2\" data-element_type=\"column\" data-e-type=\"column\">\n\t\t\t<div class=\"elementor-widget-wrap elementor-element-populated\">\n\t\t\t\t\t\t<div class=\"elementor-element elementor-element-792cdbb4 elementor-widget elementor-widget-heading\" data-id=\"792cdbb4\" data-element_type=\"widget\" data-e-type=\"widget\" data-widget_type=\"heading.default\">\n\t\t\t\t<div class=\"elementor-widget-container\">\n\t\t\t\t\t<h2 class=\"elementor-heading-title elementor-size-default\">Clique em sua categoria para ver os valores<\/h2>\t\t\t\t<\/div>\n\t\t\t\t<\/div>\n\t\t\t\t<section class=\"elementor-section elementor-inner-section elementor-element elementor-element-149cd1e4 elementor-section-boxed elementor-section-height-default elementor-section-height-default\" data-id=\"149cd1e4\" data-element_type=\"section\" data-e-type=\"section\">\n\t\t\t\t\t\t<div class=\"elementor-container elementor-column-gap-default\">\n\t\t\t\t\t<div class=\"elementor-column elementor-col-33 elementor-inner-column elementor-element elementor-element-2a43475e\" data-id=\"2a43475e\" data-element_type=\"column\" data-e-type=\"column\">\n\t\t\t<div class=\"elementor-widget-wrap\">\n\t\t\t\t\t\t\t<\/div>\n\t\t<\/div>\n\t\t\t\t<div class=\"elementor-column elementor-col-33 elementor-inner-column elementor-element elementor-element-4953f944\" data-id=\"4953f944\" data-element_type=\"column\" data-e-type=\"column\">\n\t\t\t<div class=\"elementor-widget-wrap elementor-element-populated\">\n\t\t\t\t\t\t<div class=\"elementor-element elementor-element-650cae56 elementor-align-justify elementor-tablet-align-center elementor-invisible elementor-widget elementor-widget-button\" data-id=\"650cae56\" data-element_type=\"widget\" data-e-type=\"widget\" data-settings=\"{&quot;_animation&quot;:&quot;fadeInUp&quot;,&quot;_animation_delay&quot;:200}\" data-widget_type=\"button.default\">\n\t\t\t\t<div class=\"elementor-widget-container\">\n\t\t\t\t\t\t\t\t\t<div class=\"elementor-button-wrapper\">\n\t\t\t\t\t<a class=\"elementor-button elementor-button-link elementor-size-lg elementor-animation-sink\" href=\"#elementor-action%3Aaction%3Dpopup%3Aopen%26settings%3DeyJpZCI6IjQ2NyIsInRvZ2dsZSI6ZmFsc2V9\">\n\t\t\t\t\t\t<span class=\"elementor-button-content-wrapper\">\n\t\t\t\t\t\t<span class=\"elementor-button-icon\">\n\t\t\t\t<i aria-hidden=\"true\" class=\"far fa-address-card\"><\/i>\t\t\t<\/span>\n\t\t\t\t\t\t\t\t\t<span class=\"elementor-button-text\">Iniciar Inscri\u00e7\u00e3o agora<\/span>\n\t\t\t\t\t<\/span>\n\t\t\t\t\t<\/a>\n\t\t\t\t<\/div>\n\t\t\t\t\t\t\t\t<\/div>\n\t\t\t\t<\/div>\n\t\t\t\t\t<\/div>\n\t\t<\/div>\n\t\t\t\t<div class=\"elementor-column elementor-col-33 elementor-inner-column elementor-element elementor-element-50b9d8eb\" data-id=\"50b9d8eb\" data-element_type=\"column\" data-e-type=\"column\">\n\t\t\t<div class=\"elementor-widget-wrap\">\n\t\t\t\t\t\t\t<\/div>\n\t\t<\/div>\n\t\t\t\t\t<\/div>\n\t\t<\/section>\n\t\t\t\t<div class=\"elementor-element elementor-element-355d8371 elementor-widget elementor-widget-toggle\" data-id=\"355d8371\" data-element_type=\"widget\" data-e-type=\"widget\" data-widget_type=\"toggle.default\">\n\t\t\t\t<div class=\"elementor-widget-container\">\n\t\t\t\t\t\t\t<div class=\"elementor-toggle\">\n\t\t\t\t\t\t\t<div class=\"elementor-toggle-item\">\n\t\t\t\t\t<div id=\"elementor-tab-title-8951\" class=\"elementor-tab-title\" data-tab=\"1\" role=\"button\" aria-controls=\"elementor-tab-content-8951\" aria-expanded=\"false\">\n\t\t\t\t\t\t\t\t\t\t\t\t<span class=\"elementor-toggle-icon elementor-toggle-icon-left\" aria-hidden=\"true\">\n\t\t\t\t\t\t\t\t\t\t\t\t\t\t\t<span class=\"elementor-toggle-icon-closed\"><i class=\"fas fa-caret-right\"><\/i><\/span>\n\t\t\t\t\t\t\t\t<span class=\"elementor-toggle-icon-opened\"><i class=\"elementor-toggle-icon-opened fas fa-caret-up\"><\/i><\/span>\n\t\t\t\t\t\t\t\t\t\t\t\t\t<\/span>\n\t\t\t\t\t\t\t\t\t\t\t\t<a class=\"elementor-toggle-title\" tabindex=\"0\">Acad\u00eamico de Medicina<\/a>\n\t\t\t\t\t<\/div>\n\n\t\t\t\t\t<div id=\"elementor-tab-content-8951\" class=\"elementor-tab-content elementor-clearfix\" data-tab=\"1\" role=\"region\" aria-labelledby=\"elementor-tab-title-8951\"><table><tbody><tr><td width=\"97\"><p><strong>At\u00e9 15\/07<\/strong><\/p><\/td><td width=\"97\"><p><strong>At\u00e9 15\/08<\/strong><\/p><\/td><td width=\"106\"><p><strong>At\u00e9 25\/09<\/strong><\/p><\/td><td width=\"98\"><p><strong>No local<\/strong><\/p><\/td><\/tr><tr><td width=\"97\"><p>R$ 170,00<\/p><\/td><td width=\"97\"><p>R$ 170,00<\/p><\/td><td width=\"106\"><p>R$ 220,00<\/p><\/td><td width=\"98\"><p>R$ 280,00<\/p><\/td><\/tr><\/tbody><\/table><\/div>\n\t\t\t\t<\/div>\n\t\t\t\t\t\t\t<div class=\"elementor-toggle-item\">\n\t\t\t\t\t<div id=\"elementor-tab-title-8952\" class=\"elementor-tab-title\" data-tab=\"2\" role=\"button\" aria-controls=\"elementor-tab-content-8952\" aria-expanded=\"false\">\n\t\t\t\t\t\t\t\t\t\t\t\t<span class=\"elementor-toggle-icon elementor-toggle-icon-left\" aria-hidden=\"true\">\n\t\t\t\t\t\t\t\t\t\t\t\t\t\t\t<span class=\"elementor-toggle-icon-closed\"><i class=\"fas fa-caret-right\"><\/i><\/span>\n\t\t\t\t\t\t\t\t<span class=\"elementor-toggle-icon-opened\"><i class=\"elementor-toggle-icon-opened fas fa-caret-up\"><\/i><\/span>\n\t\t\t\t\t\t\t\t\t\t\t\t\t<\/span>\n\t\t\t\t\t\t\t\t\t\t\t\t<a class=\"elementor-toggle-title\" tabindex=\"0\">Residentes<\/a>\n\t\t\t\t\t<\/div>\n\n\t\t\t\t\t<div id=\"elementor-tab-content-8952\" class=\"elementor-tab-content elementor-clearfix\" data-tab=\"2\" role=\"region\" aria-labelledby=\"elementor-tab-title-8952\"><table><tbody><tr><td width=\"97\"><p><strong>At\u00e9 15\/07<\/strong><\/p><\/td><td width=\"97\"><p><strong>At\u00e9 15\/08<\/strong><\/p><\/td><td width=\"106\"><p><strong>At\u00e9 25\/09<\/strong><\/p><\/td><td width=\"98\"><p><strong>No local<\/strong><\/p><\/td><\/tr><tr><td width=\"97\"><p>R$ 220,00<\/p><\/td><td width=\"97\"><p>R$ 280,00<\/p><\/td><td width=\"106\"><p>R$ 330,00<\/p><\/td><td width=\"98\"><p>R$ 380,00<\/p><\/td><\/tr><\/tbody><\/table><\/div>\n\t\t\t\t<\/div>\n\t\t\t\t\t\t\t<div class=\"elementor-toggle-item\">\n\t\t\t\t\t<div id=\"elementor-tab-title-8953\" class=\"elementor-tab-title\" data-tab=\"3\" role=\"button\" aria-controls=\"elementor-tab-content-8953\" aria-expanded=\"false\">\n\t\t\t\t\t\t\t\t\t\t\t\t<span class=\"elementor-toggle-icon elementor-toggle-icon-left\" aria-hidden=\"true\">\n\t\t\t\t\t\t\t\t\t\t\t\t\t\t\t<span class=\"elementor-toggle-icon-closed\"><i class=\"fas fa-caret-right\"><\/i><\/span>\n\t\t\t\t\t\t\t\t<span class=\"elementor-toggle-icon-opened\"><i class=\"elementor-toggle-icon-opened fas fa-caret-up\"><\/i><\/span>\n\t\t\t\t\t\t\t\t\t\t\t\t\t<\/span>\n\t\t\t\t\t\t\t\t\t\t\t\t<a class=\"elementor-toggle-title\" tabindex=\"0\">M\u00e9dicos Associados<\/a>\n\t\t\t\t\t<\/div>\n\n\t\t\t\t\t<div id=\"elementor-tab-content-8953\" class=\"elementor-tab-content elementor-clearfix\" data-tab=\"3\" role=\"region\" aria-labelledby=\"elementor-tab-title-8953\"><table><tbody><tr><td width=\"97\"><p><strong>At\u00e9 15\/07<\/strong><\/p><\/td><td width=\"97\"><p><strong>At\u00e9 15\/08<\/strong><\/p><\/td><td width=\"106\"><p><strong>At\u00e9 25\/09<\/strong><\/p><\/td><td width=\"98\"><p><strong>No local<\/strong><\/p><\/td><\/tr><tr><td width=\"97\"><p>R$ 330,00<\/p><\/td><td width=\"97\"><p>R$ 380,00<\/p><\/td><td width=\"106\"><p>R$ 440,00<\/p><\/td><td width=\"98\"><p>R$ 490,00<\/p><\/td><\/tr><\/tbody><\/table><\/div>\n\t\t\t\t<\/div>\n\t\t\t\t\t\t\t<div class=\"elementor-toggle-item\">\n\t\t\t\t\t<div id=\"elementor-tab-title-8954\" class=\"elementor-tab-title\" data-tab=\"4\" role=\"button\" aria-controls=\"elementor-tab-content-8954\" aria-expanded=\"false\">\n\t\t\t\t\t\t\t\t\t\t\t\t<span class=\"elementor-toggle-icon elementor-toggle-icon-left\" aria-hidden=\"true\">\n\t\t\t\t\t\t\t\t\t\t\t\t\t\t\t<span class=\"elementor-toggle-icon-closed\"><i class=\"fas fa-caret-right\"><\/i><\/span>\n\t\t\t\t\t\t\t\t<span class=\"elementor-toggle-icon-opened\"><i class=\"elementor-toggle-icon-opened fas fa-caret-up\"><\/i><\/span>\n\t\t\t\t\t\t\t\t\t\t\t\t\t<\/span>\n\t\t\t\t\t\t\t\t\t\t\t\t<a class=\"elementor-toggle-title\" tabindex=\"0\">M\u00e9dicos n\u00e3o Associados <\/a>\n\t\t\t\t\t<\/div>\n\n\t\t\t\t\t<div id=\"elementor-tab-content-8954\" class=\"elementor-tab-content elementor-clearfix\" data-tab=\"4\" role=\"region\" aria-labelledby=\"elementor-tab-title-8954\"><table><tbody><tr><td width=\"97\"><p><strong>At\u00e9 15\/07<\/strong><\/p><\/td><td width=\"97\"><p><strong>At\u00e9 15\/08<\/strong><\/p><\/td><td width=\"106\"><p><strong>At\u00e9 25\/09<\/strong><\/p><\/td><td width=\"98\"><p><strong>No local<\/strong><\/p><\/td><\/tr><tr><td width=\"97\"><p>R$ 380,00<\/p><\/td><td width=\"97\"><p>R$ 440,00<\/p><\/td><td width=\"106\"><p>R$ 490,00<\/p><\/td><td width=\"98\"><p>R$ 660,00<\/p><\/td><\/tr><\/tbody><\/table><\/div>\n\t\t\t\t<\/div>\n\t\t\t\t\t\t\t\t<\/div>\n\t\t\t\t\t\t<\/div>\n\t\t\t\t<\/div>\n\t\t\t\t\t<\/div>\n\t\t<\/div>\n\t\t\t\t\t<\/div>\n\t\t<\/section>\n\t\t\t\t<section class=\"elementor-section elementor-top-section elementor-element elementor-element-cac5b5b elementor-section-boxed elementor-section-height-default elementor-section-height-default\" data-id=\"cac5b5b\" data-element_type=\"section\" data-e-type=\"section\">\n\t\t\t\t\t\t<div class=\"elementor-container elementor-column-gap-default\">\n\t\t\t\t\t<div class=\"elementor-column elementor-col-100 elementor-top-column elementor-element elementor-element-746ad20\" data-id=\"746ad20\" data-element_type=\"column\" data-e-type=\"column\">\n\t\t\t<div class=\"elementor-widget-wrap elementor-element-populated\">\n\t\t\t\t\t\t<div class=\"elementor-element elementor-element-2bdaa47 elementor-tabs-alignment-stretch elementor-tabs-view-horizontal elementor-widget elementor-widget-tabs\" data-id=\"2bdaa47\" data-element_type=\"widget\" data-e-type=\"widget\" data-widget_type=\"tabs.default\">\n\t\t\t\t<div class=\"elementor-widget-container\">\n\t\t\t\t\t\t\t<div class=\"elementor-tabs\">\n\t\t\t<div class=\"elementor-tabs-wrapper\" role=\"tablist\" >\n\t\t\t\t\t\t\t\t\t<div id=\"elementor-tab-title-4591\" class=\"elementor-tab-title elementor-tab-desktop-title\" aria-selected=\"true\" data-tab=\"1\" role=\"tab\" tabindex=\"0\" aria-controls=\"elementor-tab-content-4591\" aria-expanded=\"false\">Informa\u00e7\u00f5es gerais<\/div>\n\t\t\t\t\t\t\t\t\t<div id=\"elementor-tab-title-4592\" class=\"elementor-tab-title elementor-tab-desktop-title\" aria-selected=\"false\" data-tab=\"2\" role=\"tab\" tabindex=\"-1\" aria-controls=\"elementor-tab-content-4592\" aria-expanded=\"false\">Formas de Pagamento<\/div>\n\t\t\t\t\t\t\t\t\t<div id=\"elementor-tab-title-4593\" class=\"elementor-tab-title elementor-tab-desktop-title\" aria-selected=\"false\" data-tab=\"3\" role=\"tab\" tabindex=\"-1\" aria-controls=\"elementor-tab-content-4593\" aria-expanded=\"false\">Senhas de acesso<\/div>\n\t\t\t\t\t\t\t\t\t<div id=\"elementor-tab-title-4594\" class=\"elementor-tab-title elementor-tab-desktop-title\" aria-selected=\"false\" data-tab=\"4\" role=\"tab\" tabindex=\"-1\" aria-controls=\"elementor-tab-content-4594\" aria-expanded=\"false\">Confirma\u00e7\u00e3o<\/div>\n\t\t\t\t\t\t\t\t\t<div id=\"elementor-tab-title-4595\" class=\"elementor-tab-title elementor-tab-desktop-title\" aria-selected=\"false\" data-tab=\"5\" role=\"tab\" tabindex=\"-1\" aria-controls=\"elementor-tab-content-4595\" aria-expanded=\"false\">Pol\u00edticas<\/div>\n\t\t\t\t\t\t\t<\/div>\n\t\t\t<div class=\"elementor-tabs-content-wrapper\" role=\"tablist\" aria-orientation=\"vertical\">\n\t\t\t\t\t\t\t\t\t<div class=\"elementor-tab-title elementor-tab-mobile-title\" aria-selected=\"true\" data-tab=\"1\" role=\"tab\" tabindex=\"0\" aria-controls=\"elementor-tab-content-4591\" aria-expanded=\"false\">Informa\u00e7\u00f5es gerais<\/div>\n\t\t\t\t\t<div id=\"elementor-tab-content-4591\" class=\"elementor-tab-content elementor-clearfix\" data-tab=\"1\" role=\"tabpanel\" aria-labelledby=\"elementor-tab-title-4591\" tabindex=\"0\" hidden=\"false\"><p>Para as categorias de <strong>Acad\u00eamicos de Medicina<\/strong> e <strong>M\u00e9dicos Residentes<\/strong>, ser\u00e1 imprescind\u00edvel encaminhar comprovante de categoria no ato da inscri\u00e7\u00e3o.<\/p><p><strong>Obs:<\/strong> Ser\u00e3o aceitos os seguintes comprovantes de categoria:<\/p><ul><li>Carteirinha de estudante (frente e verso);<\/li><li>Declara\u00e7\u00e3o de matricula ou frequ\u00eancia assinada e carimbada pela institui\u00e7\u00e3o de ensino ou trabalho;<\/li><li>Boleto quitado de mensalidade do semestre vigente da institui\u00e7\u00e3o de ensino.<\/li><\/ul><p>\u00a0<\/p><p>Para a categoria de<strong> M\u00e9dicos Associados<\/strong>, ser\u00e1 imprescind\u00edvel anexar o comprovante de associados a SBOT\/GO.<\/p><\/div>\n\t\t\t\t\t\t\t\t\t<div class=\"elementor-tab-title elementor-tab-mobile-title\" aria-selected=\"false\" data-tab=\"2\" role=\"tab\" tabindex=\"-1\" aria-controls=\"elementor-tab-content-4592\" aria-expanded=\"false\">Formas de Pagamento<\/div>\n\t\t\t\t\t<div id=\"elementor-tab-content-4592\" class=\"elementor-tab-content elementor-clearfix\" data-tab=\"2\" role=\"tabpanel\" aria-labelledby=\"elementor-tab-title-4592\" tabindex=\"0\" hidden=\"hidden\"><ul><li>PIX<\/li><li>Boleto Banc\u00e1rio<\/li><li>Cart\u00e3o de Cr\u00e9dito<\/li><\/ul><\/div>\n\t\t\t\t\t\t\t\t\t<div class=\"elementor-tab-title elementor-tab-mobile-title\" aria-selected=\"false\" data-tab=\"3\" role=\"tab\" tabindex=\"-1\" aria-controls=\"elementor-tab-content-4593\" aria-expanded=\"false\">Senhas de acesso<\/div>\n\t\t\t\t\t<div id=\"elementor-tab-content-4593\" class=\"elementor-tab-content elementor-clearfix\" data-tab=\"3\" role=\"tabpanel\" aria-labelledby=\"elementor-tab-title-4593\" tabindex=\"0\" hidden=\"hidden\"><p>No ato do cadastro, voc\u00ea precisar\u00e1 criar uma senha que juntamente com seu CPF ou e-mail ser\u00e3o as credenciais para acessar sua \u00e1rea de participante posteriormente e ter acesso a todos os servi\u00e7os oferecidos no evento.<\/p><p>O\u00a0<em>login<\/em>\u00a0e a senha criados s\u00e3o pessoais, intransfer\u00edveis e para seu conhecimento e uso exclusivo.\u00a0<strong>VOC\u00ca<\/strong>\u00a0dever\u00e1 assegurar e proteger em quaisquer circunst\u00e2ncias a confidencialidade e a seguran\u00e7a de seu\u00a0<em>login<\/em>\u00a0e senha. Assim,\u00a0<strong>VOC\u00ca<\/strong>\u00a0n\u00e3o dever\u00e1 revelar suas credenciais de acesso a terceiros, nem as inserir em sistemas inform\u00e1ticos que permitam a sua descodifica\u00e7\u00e3o e c\u00f3pia, assegurando-se de que o equipamento utilizado para acesso ao nosso site se encontra devidamente protegido contra softwares maliciosos e do acesso indevido por terceiros.<\/p><p>Se voc\u00ea descumprir as obriga\u00e7\u00f5es aqui apresentadas, voc\u00ea estar\u00e1 praticando ato de exclusiva responsabilidade, sendo que eventuais preju\u00edzos decorrentes de tal ato ser\u00e3o suportados por\u00a0<strong>VOC\u00ca<\/strong>\u00a0exclusivamente.<\/p><\/div>\n\t\t\t\t\t\t\t\t\t<div class=\"elementor-tab-title elementor-tab-mobile-title\" aria-selected=\"false\" data-tab=\"4\" role=\"tab\" tabindex=\"-1\" aria-controls=\"elementor-tab-content-4594\" aria-expanded=\"false\">Confirma\u00e7\u00e3o<\/div>\n\t\t\t\t\t<div id=\"elementor-tab-content-4594\" class=\"elementor-tab-content elementor-clearfix\" data-tab=\"4\" role=\"tabpanel\" aria-labelledby=\"elementor-tab-title-4594\" tabindex=\"0\" hidden=\"hidden\"><p>Sua inscri\u00e7\u00e3o ser\u00e1 confirmada automaticamente ap\u00f3s o pagamento com Cart\u00e3o de Cr\u00e9dito ou PIX ou em at\u00e9 1 dia \u00fatil ap\u00f3s o pagamento com Boleto Banc\u00e1rio.<\/p><p>Voc\u00ea receber\u00e1 um e-mail de confirma\u00e7\u00e3o e poder\u00e1 a qualquer momento consultar o status de sua inscri\u00e7\u00e3o em\u00a0<a href=\"https:\/\/congressogoianoortopedia.com.br\/2024\/login\/\"><strong>Login<\/strong><\/a>.<\/p><\/div>\n\t\t\t\t\t\t\t\t\t<div class=\"elementor-tab-title elementor-tab-mobile-title\" aria-selected=\"false\" data-tab=\"5\" role=\"tab\" tabindex=\"-1\" aria-controls=\"elementor-tab-content-4595\" aria-expanded=\"false\">Pol\u00edticas<\/div>\n\t\t\t\t\t<div id=\"elementor-tab-content-4595\" class=\"elementor-tab-content elementor-clearfix\" data-tab=\"5\" role=\"tabpanel\" aria-labelledby=\"elementor-tab-title-4595\" tabindex=\"0\" hidden=\"hidden\"><p>Desist\u00eancia e Reembolso<\/p><p>Em caso de comunica\u00e7\u00e3o e justificativa formal de desist\u00eancia de participa\u00e7\u00e3o, a devolu\u00e7\u00e3o de valores pagos ser\u00e1 efetuada at\u00e9 45 dias ap\u00f3s a realiza\u00e7\u00e3o do evento.<\/p><p>As devolu\u00e7\u00f5es seguir\u00e3o os seguintes crit\u00e9rios:<\/p><table><tbody><tr><td width=\"189\"><p>Justificativa *<\/p><\/td><td width=\"189\"><p>Prazo para Solicita\u00e7\u00e3o<\/p><\/td><td width=\"189\"><p>Valor a ser reembolsado<\/p><\/td><\/tr><tr><td width=\"189\"><p>Sem justificativa<\/p><\/td><td width=\"189\"><p>At\u00e9 60 (sessenta) dias antes do in\u00edcio do Congresso<\/p><\/td><td width=\"189\"><p>50% do valor pago<\/p><\/td><\/tr><tr><td width=\"189\"><p>Problemas de sa\u00fade<\/p><\/td><td width=\"189\"><p>At\u00e9 5 (cinco) dias antes do in\u00edcio do Congresso<\/p><\/td><td width=\"189\"><p>50% do valor pago<\/p><\/td><\/tr><\/tbody><\/table><\/div>\n\t\t\t\t\t\t\t<\/div>\n\t\t<\/div>\n\t\t\t\t\t\t<\/div>\n\t\t\t\t<\/div>\n\t\t\t\t\t<\/div>\n\t\t<\/div>\n\t\t\t\t\t<\/div>\n\t\t<\/section>\n\t\t\t\t<section class=\"elementor-section elementor-top-section elementor-element elementor-element-6a8ded05 elementor-section-boxed elementor-section-height-default elementor-section-height-default\" data-id=\"6a8ded05\" data-element_type=\"section\" data-e-type=\"section\">\n\t\t\t\t\t\t<div class=\"elementor-container elementor-column-gap-default\">\n\t\t\t\t\t<div class=\"elementor-column elementor-col-33 elementor-top-column elementor-element elementor-element-6018731b\" data-id=\"6018731b\" data-element_type=\"column\" data-e-type=\"column\">\n\t\t\t<div class=\"elementor-widget-wrap\">\n\t\t\t\t\t\t\t<\/div>\n\t\t<\/div>\n\t\t\t\t<div class=\"elementor-column elementor-col-33 elementor-top-column elementor-element elementor-element-44925586\" data-id=\"44925586\" data-element_type=\"column\" data-e-type=\"column\">\n\t\t\t<div class=\"elementor-widget-wrap elementor-element-populated\">\n\t\t\t\t\t\t<div class=\"elementor-element elementor-element-59b45b5c elementor-align-justify elementor-tablet-align-center elementor-invisible elementor-widget elementor-widget-button\" data-id=\"59b45b5c\" data-element_type=\"widget\" data-e-type=\"widget\" data-settings=\"{&quot;_animation&quot;:&quot;fadeInUp&quot;,&quot;_animation_delay&quot;:200}\" data-widget_type=\"button.default\">\n\t\t\t\t<div class=\"elementor-widget-container\">\n\t\t\t\t\t\t\t\t\t<div class=\"elementor-button-wrapper\">\n\t\t\t\t\t<a class=\"elementor-button elementor-button-link elementor-size-lg elementor-animation-sink\" href=\"#elementor-action%3Aaction%3Dpopup%3Aopen%26settings%3DeyJpZCI6IjQ2NyIsInRvZ2dsZSI6ZmFsc2V9\">\n\t\t\t\t\t\t<span class=\"elementor-button-content-wrapper\">\n\t\t\t\t\t\t<span class=\"elementor-button-icon\">\n\t\t\t\t<i aria-hidden=\"true\" class=\"far fa-address-card\"><\/i>\t\t\t<\/span>\n\t\t\t\t\t\t\t\t\t<span class=\"elementor-button-text\">Iniciar Inscri\u00e7\u00e3o agora<\/span>\n\t\t\t\t\t<\/span>\n\t\t\t\t\t<\/a>\n\t\t\t\t<\/div>\n\t\t\t\t\t\t\t\t<\/div>\n\t\t\t\t<\/div>\n\t\t\t\t\t<\/div>\n\t\t<\/div>\n\t\t\t\t<div class=\"elementor-column elementor-col-33 elementor-top-column elementor-element elementor-element-34c83fbe\" data-id=\"34c83fbe\" data-element_type=\"column\" data-e-type=\"column\">\n\t\t\t<div class=\"elementor-widget-wrap\">\n\t\t\t\t\t\t\t<\/div>\n\t\t<\/div>\n\t\t\t\t\t<\/div>\n\t\t<\/section>\n\t\t\t\t<\/div>\n\t\t","protected":false},"excerpt":{"rendered":"<p>Clique em sua categoria para ver os valores Iniciar Inscri\u00e7\u00e3o agora Acad\u00eamico de Medicina At\u00e9 15\/07 At\u00e9 15\/08 At\u00e9 25\/09 No local R$ 170,00 R$ 170,00 R$ 220,00 R$ 280,00 Residentes At\u00e9 15\/07 At\u00e9 15\/08 At\u00e9 25\/09 No local R$ 220,00 R$ 280,00 R$ 330,00 R$ 380,00 M\u00e9dicos Associados At\u00e9 15\/07 At\u00e9 15\/08 At\u00e9 25\/09 [&hellip;]<\/p>\n","protected":false},"author":1,"featured_media":0,"parent":0,"menu_order":0,"comment_status":"closed","ping_status":"closed","template":"elementor_header_footer","meta":{"footnotes":""},"class_list":["post-32","page","type-page","status-publish","hentry"],"aioseo_notices":[],"_links":{"self":[{"href":"https:\/\/congressogoianoortopedia.com.br\/2024\/wp-json\/wp\/v2\/pages\/32","targetHints":{"allow":["GET"]}}],"collection":[{"href":"https:\/\/congressogoianoortopedia.com.br\/2024\/wp-json\/wp\/v2\/pages"}],"about":[{"href":"https:\/\/congressogoianoortopedia.com.br\/2024\/wp-json\/wp\/v2\/types\/page"}],"author":[{"embeddable":true,"href":"https:\/\/congressogoianoortopedia.com.br\/2024\/wp-json\/wp\/v2\/users\/1"}],"replies":[{"embeddable":true,"href":"https:\/\/congressogoianoortopedia.com.br\/2024\/wp-json\/wp\/v2\/comments?post=32"}],"version-history":[{"count":76,"href":"https:\/\/congressogoianoortopedia.com.br\/2024\/wp-json\/wp\/v2\/pages\/32\/revisions"}],"predecessor-version":[{"id":1205,"href":"https:\/\/congressogoianoortopedia.com.br\/2024\/wp-json\/wp\/v2\/pages\/32\/revisions\/1205"}],"wp:attachment":[{"href":"https:\/\/congressogoianoortopedia.com.br\/2024\/wp-json\/wp\/v2\/media?parent=32"}],"curies":[{"name":"wp","href":"https:\/\/api.w.org\/{rel}","templated":true}]}}