{"id":234,"date":"2022-06-16T16:57:21","date_gmt":"2022-06-16T19:57:21","guid":{"rendered":"https:\/\/congressogoianoortopedia.com.br\/?page_id=234"},"modified":"2024-09-23T13:18:38","modified_gmt":"2024-09-23T16:18:38","slug":"trabalhos","status":"publish","type":"page","link":"https:\/\/congressogoianoortopedia.com.br\/2024\/trabalhos\/","title":{"rendered":"Trabalhos"},"content":{"rendered":"\t\t<div data-elementor-type=\"wp-page\" data-elementor-id=\"234\" class=\"elementor elementor-234\" data-elementor-post-type=\"page\">\n\t\t\t\t\t\t<section class=\"elementor-section elementor-top-section elementor-element elementor-element-716d1e8 elementor-section-height-min-height elementor-section-boxed elementor-section-height-default elementor-section-items-middle\" data-id=\"716d1e8\" data-element_type=\"section\" data-e-type=\"section\" data-settings=\"{&quot;background_background&quot;:&quot;classic&quot;}\">\n\t\t\t\t\t\t\t<div class=\"elementor-background-overlay\"><\/div>\n\t\t\t\t\t\t\t<div class=\"elementor-container elementor-column-gap-default\">\n\t\t\t\t\t<div class=\"elementor-column elementor-col-100 elementor-top-column elementor-element elementor-element-6e6b044d\" data-id=\"6e6b044d\" data-element_type=\"column\" data-e-type=\"column\">\n\t\t\t<div class=\"elementor-widget-wrap elementor-element-populated\">\n\t\t\t\t\t\t\t<\/div>\n\t\t<\/div>\n\t\t\t\t\t<\/div>\n\t\t<\/section>\n\t\t\t\t<section class=\"elementor-section elementor-top-section elementor-element elementor-element-7b2a66f8 elementor-section-boxed elementor-section-height-default elementor-section-height-default\" data-id=\"7b2a66f8\" data-element_type=\"section\" data-e-type=\"section\">\n\t\t\t\t\t\t<div class=\"elementor-container elementor-column-gap-default\">\n\t\t\t\t\t<div class=\"elementor-column elementor-col-50 elementor-top-column elementor-element elementor-element-6b867f2d\" data-id=\"6b867f2d\" data-element_type=\"column\" data-e-type=\"column\">\n\t\t\t<div class=\"elementor-widget-wrap elementor-element-populated\">\n\t\t\t\t\t\t<div class=\"elementor-element elementor-element-5b7a93c7 elementor-widget elementor-widget-heading\" data-id=\"5b7a93c7\" data-element_type=\"widget\" data-e-type=\"widget\" data-widget_type=\"heading.default\">\n\t\t\t\t<div class=\"elementor-widget-container\">\n\t\t\t\t\t<h2 class=\"elementor-heading-title elementor-size-default\">06\/09<\/h2>\t\t\t\t<\/div>\n\t\t\t\t<\/div>\n\t\t\t\t<div class=\"elementor-element elementor-element-603f07e2 elementor-widget elementor-widget-heading\" data-id=\"603f07e2\" data-element_type=\"widget\" data-e-type=\"widget\" data-widget_type=\"heading.default\">\n\t\t\t\t<div class=\"elementor-widget-container\">\n\t\t\t\t\t<h2 class=\"elementor-heading-title elementor-size-default\">Limite para submiss\u00e3o<\/h2>\t\t\t\t<\/div>\n\t\t\t\t<\/div>\n\t\t\t\t\t<\/div>\n\t\t<\/div>\n\t\t\t\t<div class=\"elementor-column elementor-col-50 elementor-top-column elementor-element elementor-element-28eeba63\" data-id=\"28eeba63\" data-element_type=\"column\" data-e-type=\"column\">\n\t\t\t<div class=\"elementor-widget-wrap elementor-element-populated\">\n\t\t\t\t\t\t<div class=\"elementor-element elementor-element-17f9a043 elementor-widget elementor-widget-heading\" data-id=\"17f9a043\" data-element_type=\"widget\" data-e-type=\"widget\" data-widget_type=\"heading.default\">\n\t\t\t\t<div class=\"elementor-widget-container\">\n\t\t\t\t\t<h2 class=\"elementor-heading-title elementor-size-default\">13\/09<\/h2>\t\t\t\t<\/div>\n\t\t\t\t<\/div>\n\t\t\t\t<div class=\"elementor-element elementor-element-40b1fc52 elementor-widget elementor-widget-heading\" data-id=\"40b1fc52\" data-element_type=\"widget\" data-e-type=\"widget\" data-widget_type=\"heading.default\">\n\t\t\t\t<div class=\"elementor-widget-container\">\n\t\t\t\t\t<h2 class=\"elementor-heading-title elementor-size-default\">Publica\u00e7\u00e3o resultado<\/h2>\t\t\t\t<\/div>\n\t\t\t\t<\/div>\n\t\t\t\t\t<\/div>\n\t\t<\/div>\n\t\t\t\t\t<\/div>\n\t\t<\/section>\n\t\t\t\t<section class=\"elementor-section elementor-top-section elementor-element elementor-element-e644ba6 elementor-section-boxed elementor-section-height-default elementor-section-height-default\" data-id=\"e644ba6\" data-element_type=\"section\" data-e-type=\"section\">\n\t\t\t\t\t\t<div class=\"elementor-container elementor-column-gap-default\">\n\t\t\t\t\t<div class=\"elementor-column elementor-col-100 elementor-top-column elementor-element elementor-element-b3584a7\" data-id=\"b3584a7\" data-element_type=\"column\" data-e-type=\"column\">\n\t\t\t<div class=\"elementor-widget-wrap elementor-element-populated\">\n\t\t\t\t\t\t<div class=\"elementor-element elementor-element-7da4049 elementor-widget elementor-widget-accordion\" data-id=\"7da4049\" data-element_type=\"widget\" data-e-type=\"widget\" data-widget_type=\"accordion.default\">\n\t\t\t\t<div class=\"elementor-widget-container\">\n\t\t\t\t\t\t\t<div class=\"elementor-accordion\">\n\t\t\t\t\t\t\t<div class=\"elementor-accordion-item\">\n\t\t\t\t\t<div id=\"elementor-tab-title-1311\" class=\"elementor-tab-title\" data-tab=\"1\" role=\"button\" aria-controls=\"elementor-tab-content-1311\" aria-expanded=\"false\">\n\t\t\t\t\t\t\t\t\t\t\t\t\t<span class=\"elementor-accordion-icon elementor-accordion-icon-left\" aria-hidden=\"true\">\n\t\t\t\t\t\t\t\t\t\t\t\t\t\t\t<span class=\"elementor-accordion-icon-closed\"><i class=\"fas fa-plus\"><\/i><\/span>\n\t\t\t\t\t\t\t\t<span class=\"elementor-accordion-icon-opened\"><i class=\"fas fa-minus\"><\/i><\/span>\n\t\t\t\t\t\t\t\t\t\t\t\t\t\t<\/span>\n\t\t\t\t\t\t\t\t\t\t\t\t<a class=\"elementor-accordion-title\" tabindex=\"0\">Publica\u00e7\u00f5es<\/a>\n\t\t\t\t\t<\/div>\n\t\t\t\t\t<div id=\"elementor-tab-content-1311\" class=\"elementor-tab-content elementor-clearfix\" data-tab=\"1\" role=\"region\" aria-labelledby=\"elementor-tab-title-1311\"><p>Grade de Trabalhos Aprovados <span style=\"color: #0000ff;\"><a style=\"color: #0000ff;\" href=\"https:\/\/congressogoianoortopedia.com.br\/2024\/wp-content\/uploads\/2024\/09\/Trabalhos-.pdf\" target=\"_blank\" rel=\"noopener\">Download<\/a><\/span><\/p><p>Para os trabalhos aprovados como e-p\u00f4ster,\u00a0 solicitamos que baixe o arquivo e edite seu trabalho, enviando no formato PNG ou JPEG.<\/p><p>Para os trabalhos de apresenta\u00e7\u00e3o oral, seram feito em formato de Power-Point poder\u00e3o ser encaminhados em portugu\u00eas, espanhol ou ingl\u00eas, mas dever\u00e3o ser apresentados em portugu\u00eas, com tempo de apresenta\u00e7\u00e3o concedido de 6 minutos.<\/p><p>A apresenta\u00e7\u00e3o oral dever\u00e1 ser feita presencialmente.<\/p><p>Se e-poster, envie o arquivo de apresenta\u00e7\u00e3o clicando no bot\u00e3o azul ENVIAR TRABALHO que fica dispon\u00edvel na <span style=\"color: #0000ff;\"><a style=\"color: #0000ff;\" href=\"https:\/\/congressogoianoortopedia.com.br\/2024\/login\/\">\u00e1rea do congressista<\/a> <\/span>ao clicar no c\u00f3digo do trabalho.<\/p><\/div>\n\t\t\t\t<\/div>\n\t\t\t\t\t\t\t\t<\/div>\n\t\t\t\t\t\t<\/div>\n\t\t\t\t<\/div>\n\t\t\t\t\t<\/div>\n\t\t<\/div>\n\t\t\t\t\t<\/div>\n\t\t<\/section>\n\t\t\t\t<section class=\"elementor-section elementor-top-section elementor-element elementor-element-1918823b elementor-section-boxed elementor-section-height-default elementor-section-height-default\" data-id=\"1918823b\" data-element_type=\"section\" data-e-type=\"section\">\n\t\t\t\t\t\t<div class=\"elementor-container elementor-column-gap-default\">\n\t\t\t\t\t<div class=\"elementor-column elementor-col-33 elementor-top-column elementor-element elementor-element-6b11daa1\" data-id=\"6b11daa1\" data-element_type=\"column\" data-e-type=\"column\">\n\t\t\t<div class=\"elementor-widget-wrap elementor-element-populated\">\n\t\t\t\t\t\t<div class=\"elementor-element elementor-element-4baf3e7f elementor-align-justify elementor-widget elementor-widget-button\" data-id=\"4baf3e7f\" data-element_type=\"widget\" data-e-type=\"widget\" data-widget_type=\"button.default\">\n\t\t\t\t<div class=\"elementor-widget-container\">\n\t\t\t\t\t\t\t\t\t<div class=\"elementor-button-wrapper\">\n\t\t\t\t\t<a class=\"elementor-button elementor-button-link elementor-size-sm elementor-animation-shrink\" href=\"https:\/\/congressogoianoortopedia.com.br\/2024\/wp-content\/uploads\/2024\/09\/Template-E-poster-Congresso-Ortopedia.pptx\" target=\"_blank\">\n\t\t\t\t\t\t<span class=\"elementor-button-content-wrapper\">\n\t\t\t\t\t\t\t\t\t<span class=\"elementor-button-text\">Modelo de Apres. E-P\u00f4ster<\/span>\n\t\t\t\t\t<\/span>\n\t\t\t\t\t<\/a>\n\t\t\t\t<\/div>\n\t\t\t\t\t\t\t\t<\/div>\n\t\t\t\t<\/div>\n\t\t\t\t\t<\/div>\n\t\t<\/div>\n\t\t\t\t<div class=\"elementor-column elementor-col-33 elementor-top-column elementor-element elementor-element-547cc49f\" data-id=\"547cc49f\" data-element_type=\"column\" data-e-type=\"column\">\n\t\t\t<div class=\"elementor-widget-wrap\">\n\t\t\t\t\t\t\t<\/div>\n\t\t<\/div>\n\t\t\t\t<div class=\"elementor-column elementor-col-33 elementor-top-column elementor-element elementor-element-644089d1\" data-id=\"644089d1\" data-element_type=\"column\" data-e-type=\"column\">\n\t\t\t<div class=\"elementor-widget-wrap\">\n\t\t\t\t\t\t\t<\/div>\n\t\t<\/div>\n\t\t\t\t\t<\/div>\n\t\t<\/section>\n\t\t\t\t<section class=\"elementor-section elementor-top-section elementor-element elementor-element-59c78c3d elementor-section-items-stretch elementor-section-content-top elementor-section-height-min-height elementor-section-boxed elementor-section-height-default\" data-id=\"59c78c3d\" data-element_type=\"section\" data-e-type=\"section\" data-settings=\"{&quot;background_background&quot;:&quot;classic&quot;}\">\n\t\t\t\t\t\t\t<div class=\"elementor-background-overlay\"><\/div>\n\t\t\t\t\t\t\t<div class=\"elementor-container elementor-column-gap-default\">\n\t\t\t\t\t<div class=\"elementor-column elementor-col-100 elementor-top-column elementor-element elementor-element-3dcb6175\" data-id=\"3dcb6175\" data-element_type=\"column\" data-e-type=\"column\">\n\t\t\t<div class=\"elementor-widget-wrap elementor-element-populated\">\n\t\t\t\t\t\t<div class=\"elementor-element elementor-element-7e792c2f elementor-widget elementor-widget-heading\" data-id=\"7e792c2f\" data-element_type=\"widget\" data-e-type=\"widget\" data-widget_type=\"heading.default\">\n\t\t\t\t<div class=\"elementor-widget-container\">\n\t\t\t\t\t<h2 class=\"elementor-heading-title elementor-size-default\">Regulamento e Inscri\u00e7\u00f5es de Temas Livres<\/h2>\t\t\t\t<\/div>\n\t\t\t\t<\/div>\n\t\t\t\t\t<\/div>\n\t\t<\/div>\n\t\t\t\t\t<\/div>\n\t\t<\/section>\n\t\t\t\t<section class=\"elementor-section elementor-top-section elementor-element elementor-element-1e67d7b2 elementor-section-content-middle elementor-section-boxed elementor-section-height-default elementor-section-height-default\" data-id=\"1e67d7b2\" data-element_type=\"section\" data-e-type=\"section\" id=\"faq\" data-settings=\"{&quot;background_background&quot;:&quot;classic&quot;}\">\n\t\t\t\t\t\t<div class=\"elementor-container elementor-column-gap-no\">\n\t\t\t\t\t<div class=\"elementor-column elementor-col-100 elementor-top-column elementor-element elementor-element-2a9c2de9\" data-id=\"2a9c2de9\" data-element_type=\"column\" data-e-type=\"column\">\n\t\t\t<div class=\"elementor-widget-wrap elementor-element-populated\">\n\t\t\t\t\t\t<div class=\"elementor-element elementor-element-624538d7 elementor-widget elementor-widget-toggle\" data-id=\"624538d7\" data-element_type=\"widget\" data-e-type=\"widget\" data-widget_type=\"toggle.default\">\n\t\t\t\t<div class=\"elementor-widget-container\">\n\t\t\t\t\t\t\t<div class=\"elementor-toggle\">\n\t\t\t\t\t\t\t<div class=\"elementor-toggle-item\">\n\t\t\t\t\t<div id=\"elementor-tab-title-1641\" class=\"elementor-tab-title\" data-tab=\"1\" role=\"button\" aria-controls=\"elementor-tab-content-1641\" aria-expanded=\"false\">\n\t\t\t\t\t\t\t\t\t\t\t\t<span class=\"elementor-toggle-icon elementor-toggle-icon-left\" aria-hidden=\"true\">\n\t\t\t\t\t\t\t\t\t\t\t\t\t\t\t<span class=\"elementor-toggle-icon-closed\"><i class=\"fas fa-caret-right\"><\/i><\/span>\n\t\t\t\t\t\t\t\t<span class=\"elementor-toggle-icon-opened\"><i class=\"elementor-toggle-icon-opened fas fa-caret-up\"><\/i><\/span>\n\t\t\t\t\t\t\t\t\t\t\t\t\t<\/span>\n\t\t\t\t\t\t\t\t\t\t\t\t<a class=\"elementor-toggle-title\" tabindex=\"0\">Regulamento<\/a>\n\t\t\t\t\t<\/div>\n\n\t\t\t\t\t<div id=\"elementor-tab-content-1641\" class=\"elementor-tab-content elementor-clearfix\" data-tab=\"1\" role=\"region\" aria-labelledby=\"elementor-tab-title-1641\"><p style=\"line-height: 21.6pt; background: white;\"><span style=\"font-family: 'Arial',sans-serif; color: black;\">Complete corretamente todas as informa\u00e7\u00f5es do formul\u00e1rio de inscri\u00e7\u00e3o do trabalho e do autor principal, isso garantir\u00e1 a comunica\u00e7\u00e3o posterior efetiva sobre o resultado.<\/span><\/p><p style=\"line-height: 21.6pt; background: white;\"><span style=\"font-family: 'Arial',sans-serif; color: black;\">Na grade cient\u00edfica do Congresso temos espa\u00e7o trabalhos em apresenta\u00e7\u00e3o oral e e-p\u00f4steres<\/span><\/p><p style=\"line-height: 21.6pt; background: white;\"><span style=\"font-family: 'Arial',sans-serif; color: black;\">E-Posteres analisados e aprovados ser\u00e3o disponibilizados em totens nos dias do evento.<\/span><\/p><p style=\"line-height: 21.6pt; background: white;\"><span style=\"font-family: 'Arial',sans-serif; color: black;\">O Prazo para enviar os trabalhos ser\u00e1\u00a0<strong><span style=\"font-family: 'Arial',sans-serif;\">at\u00e9 15 de agosto de 2024.<\/span><\/strong><\/span><\/p><p style=\"line-height: 21.6pt; background: white;\"><strong><span style=\"font-family: 'Arial',sans-serif; color: black;\">Importante: Em nenhum local do trabalho poder\u00e1 haver identifica\u00e7\u00e3o dos autores ou do servi\u00e7o de origem. Caso seja identificado, o trabalho ser\u00e1 desclassificado.<\/span><\/strong><\/p><p style=\"line-height: 21.6pt; background: white;\"><span style=\"font-family: 'Arial',sans-serif; color: black;\">Um dos autores dever\u00e1 obrigatoriamente estar inscrito no congresso. N\u00e3o existe limita\u00e7\u00e3o do n\u00famero de autores por trabalho e nem de n\u00famero de trabalhos por autor.<\/span><\/p><\/div>\n\t\t\t\t<\/div>\n\t\t\t\t\t\t\t<div class=\"elementor-toggle-item\">\n\t\t\t\t\t<div id=\"elementor-tab-title-1642\" class=\"elementor-tab-title\" data-tab=\"2\" role=\"button\" aria-controls=\"elementor-tab-content-1642\" aria-expanded=\"false\">\n\t\t\t\t\t\t\t\t\t\t\t\t<span class=\"elementor-toggle-icon elementor-toggle-icon-left\" aria-hidden=\"true\">\n\t\t\t\t\t\t\t\t\t\t\t\t\t\t\t<span class=\"elementor-toggle-icon-closed\"><i class=\"fas fa-caret-right\"><\/i><\/span>\n\t\t\t\t\t\t\t\t<span class=\"elementor-toggle-icon-opened\"><i class=\"elementor-toggle-icon-opened fas fa-caret-up\"><\/i><\/span>\n\t\t\t\t\t\t\t\t\t\t\t\t\t<\/span>\n\t\t\t\t\t\t\t\t\t\t\t\t<a class=\"elementor-toggle-title\" tabindex=\"0\">Modalidades de apresenta\u00e7\u00e3o<\/a>\n\t\t\t\t\t<\/div>\n\n\t\t\t\t\t<div id=\"elementor-tab-content-1642\" class=\"elementor-tab-content elementor-clearfix\" data-tab=\"2\" role=\"region\" aria-labelledby=\"elementor-tab-title-1642\"><ul><li><strong><span style=\"font-family: Roboto; color: black;\">Tema Livre Oral<\/span><\/strong><span style=\"font-family: Roboto; color: black;\"><br \/><\/span><\/li><li><span style=\"font-family: Roboto; color: black;\"><strong><span style=\"font-family: Roboto;\">Tema Livre E-p\u00f4ster (p\u00f4ster eletr\u00f4nico)<\/span><\/strong><\/span><\/li><\/ul><p><span style=\"font-family: Roboto; color: black;\">Caso a comiss\u00e3o cient\u00edfica avalie que o seu trabalho se encaixa em outra forma de apresenta\u00e7\u00e3o que n\u00e3o seja a selecionada, voc\u00ea ser\u00e1 notificado.<\/span><\/p><p><span style=\"font-family: Roboto; color: black;\">Ser\u00e1 necess\u00e1rio assinalar no ato da inscri\u00e7\u00e3o do trabalho se voc\u00ea concorda com a poss\u00edvel modifica\u00e7\u00e3o.<\/span><\/p><p><span style=\"font-family: Roboto; color: black;\">A Comiss\u00e3o de temas livres reserva o direito de excluir os trabalhos que n\u00e3o seguirem as normas estipuladas.<\/span><\/p><p><strong><span style=\"font-family: Roboto; color: black;\">Todo trabalho ter\u00e1 um termo de responsabilidade para ser assinado pelo autor quanto \u00e0 veracidade dos dados.<\/span><\/strong><\/p><p><span style=\"font-family: Roboto; color: black;\">O resumo estruturado dever\u00e1 conter:\u00a0<strong><span style=\"font-family: Roboto;\">Introdu\u00e7\u00e3o\/Objetivo, Materiais\/M\u00e9todos, Resultados e Conclus\u00e3o<\/span><\/strong>. O tamanho m\u00e1ximo permitido \u00e9 de 2.500 caracteres, sem contar os espa\u00e7os.<\/span><\/p><p><span style=\"font-family: Roboto; color: black;\">Gr\u00e1ficos e figuras n\u00e3o ser\u00e3o aceitos no resumo.<\/span><\/p><p><span style=\"font-family: Roboto; color: black;\">Os trabalhos poder\u00e3o ser encaminhados em portugu\u00eas, espanhol ou ingl\u00eas, mas dever\u00e3o ser apresentados em portugu\u00eas, com tempo de apresenta\u00e7\u00e3o concedido de 6 minutos.<\/span><\/p><p><span style=\"font-family: Roboto; color: black;\">A apresenta\u00e7\u00e3o oral dever\u00e1 ser feita presencialmente.<\/span><\/p><p>Para os trabalhos aprovados como e-p\u00f4ster, os autores dever\u00e3o anexar um arquivo, conforme modelo no site. Solicitamos que baixo o arquivo e edite seu trabalho, enviando no formato PNG ou JPEG.<\/p><\/div>\n\t\t\t\t<\/div>\n\t\t\t\t\t\t\t<div class=\"elementor-toggle-item\">\n\t\t\t\t\t<div id=\"elementor-tab-title-1643\" class=\"elementor-tab-title\" data-tab=\"3\" role=\"button\" aria-controls=\"elementor-tab-content-1643\" aria-expanded=\"false\">\n\t\t\t\t\t\t\t\t\t\t\t\t<span class=\"elementor-toggle-icon elementor-toggle-icon-left\" aria-hidden=\"true\">\n\t\t\t\t\t\t\t\t\t\t\t\t\t\t\t<span class=\"elementor-toggle-icon-closed\"><i class=\"fas fa-caret-right\"><\/i><\/span>\n\t\t\t\t\t\t\t\t<span class=\"elementor-toggle-icon-opened\"><i class=\"elementor-toggle-icon-opened fas fa-caret-up\"><\/i><\/span>\n\t\t\t\t\t\t\t\t\t\t\t\t\t<\/span>\n\t\t\t\t\t\t\t\t\t\t\t\t<a class=\"elementor-toggle-title\" tabindex=\"0\">Premia\u00e7\u00e3o para os melhores trabalhos<\/a>\n\t\t\t\t\t<\/div>\n\n\t\t\t\t\t<div id=\"elementor-tab-content-1643\" class=\"elementor-tab-content elementor-clearfix\" data-tab=\"3\" role=\"region\" aria-labelledby=\"elementor-tab-title-1643\"><p><b>Apresenta\u00e7\u00e3o oral<\/b><\/p><ul><li>1\u00ba lugar \u2013 Uma Alexa\u00a0<\/li><\/ul><ul><li>2\u00ba lugar \u2013 Uma alexa<\/li><\/ul><p>\u00a0<\/p><p>Em caso de d\u00favida, entrar em contato com a\u00a0<strong>Comiss\u00e3o Cient\u00edfica\u00a0<\/strong>atrav\u00e9s do e-mail\u00a0\u00a0<span style=\"color: #0000ff;\"><a style=\"color: #0000ff;\" href=\"http:\/\/eventos@eloeventos.com\/\">eventos@eloeventos.com<\/a><\/span><\/p><\/div>\n\t\t\t\t<\/div>\n\t\t\t\t\t\t\t\t<\/div>\n\t\t\t\t\t\t<\/div>\n\t\t\t\t<\/div>\n\t\t\t\t<div class=\"elementor-element elementor-element-b4ac2fa elementor-widget elementor-widget-spacer\" data-id=\"b4ac2fa\" data-element_type=\"widget\" data-e-type=\"widget\" data-widget_type=\"spacer.default\">\n\t\t\t\t<div class=\"elementor-widget-container\">\n\t\t\t\t\t\t\t<div class=\"elementor-spacer\">\n\t\t\t<div class=\"elementor-spacer-inner\"><\/div>\n\t\t<\/div>\n\t\t\t\t\t\t<\/div>\n\t\t\t\t<\/div>\n\t\t\t\t\t<\/div>\n\t\t<\/div>\n\t\t\t\t\t<\/div>\n\t\t<\/section>\n\t\t\t\t<section class=\"elementor-section elementor-top-section elementor-element elementor-element-581f2764 elementor-section-boxed elementor-section-height-default elementor-section-height-default\" data-id=\"581f2764\" data-element_type=\"section\" data-e-type=\"section\">\n\t\t\t\t\t\t<div class=\"elementor-container elementor-column-gap-default\">\n\t\t\t\t\t<div class=\"elementor-column elementor-col-33 elementor-top-column elementor-element elementor-element-8037d37\" data-id=\"8037d37\" data-element_type=\"column\" data-e-type=\"column\">\n\t\t\t<div class=\"elementor-widget-wrap\">\n\t\t\t\t\t\t\t<\/div>\n\t\t<\/div>\n\t\t\t\t<div class=\"elementor-column elementor-col-33 elementor-top-column elementor-element elementor-element-59efd3ea\" data-id=\"59efd3ea\" data-element_type=\"column\" data-e-type=\"column\">\n\t\t\t<div class=\"elementor-widget-wrap elementor-element-populated\">\n\t\t\t\t\t\t<div class=\"elementor-element elementor-element-1dc396b7 elementor-align-justify elementor-widget elementor-widget-button\" data-id=\"1dc396b7\" data-element_type=\"widget\" data-e-type=\"widget\" data-widget_type=\"button.default\">\n\t\t\t\t<div class=\"elementor-widget-container\">\n\t\t\t\t\t\t\t\t\t<div class=\"elementor-button-wrapper\">\n\t\t\t\t\t<a class=\"elementor-button elementor-button-link elementor-size-md elementor-animation-sink\" href=\"https:\/\/congressogoianoortopedia.com.br\/2024\/login\/\">\n\t\t\t\t\t\t<span class=\"elementor-button-content-wrapper\">\n\t\t\t\t\t\t<span class=\"elementor-button-icon\">\n\t\t\t\t<i aria-hidden=\"true\" class=\"far fa-file-alt\"><\/i>\t\t\t<\/span>\n\t\t\t\t\t\t\t\t\t<span class=\"elementor-button-text\">Enviar Trabalho<\/span>\n\t\t\t\t\t<\/span>\n\t\t\t\t\t<\/a>\n\t\t\t\t<\/div>\n\t\t\t\t\t\t\t\t<\/div>\n\t\t\t\t<\/div>\n\t\t\t\t\t<\/div>\n\t\t<\/div>\n\t\t\t\t<div class=\"elementor-column elementor-col-33 elementor-top-column elementor-element elementor-element-1250f34b\" data-id=\"1250f34b\" data-element_type=\"column\" data-e-type=\"column\">\n\t\t\t<div class=\"elementor-widget-wrap\">\n\t\t\t\t\t\t\t<\/div>\n\t\t<\/div>\n\t\t\t\t\t<\/div>\n\t\t<\/section>\n\t\t\t\t<\/div>\n\t\t","protected":false},"excerpt":{"rendered":"<p>06\/09 Limite para submiss\u00e3o 13\/09 Publica\u00e7\u00e3o resultado Publica\u00e7\u00f5es Grade de Trabalhos Aprovados Download Para os trabalhos aprovados como e-p\u00f4ster,\u00a0 solicitamos que baixe o arquivo e edite seu trabalho, enviando no formato PNG ou JPEG. Para os trabalhos de apresenta\u00e7\u00e3o oral, seram feito em formato de Power-Point poder\u00e3o ser encaminhados em portugu\u00eas, espanhol ou ingl\u00eas, mas [&hellip;]<\/p>\n","protected":false},"author":1,"featured_media":0,"parent":0,"menu_order":0,"comment_status":"closed","ping_status":"closed","template":"elementor_header_footer","meta":{"footnotes":""},"class_list":["post-234","page","type-page","status-publish","hentry"],"aioseo_notices":[],"_links":{"self":[{"href":"https:\/\/congressogoianoortopedia.com.br\/2024\/wp-json\/wp\/v2\/pages\/234","targetHints":{"allow":["GET"]}}],"collection":[{"href":"https:\/\/congressogoianoortopedia.com.br\/2024\/wp-json\/wp\/v2\/pages"}],"about":[{"href":"https:\/\/congressogoianoortopedia.com.br\/2024\/wp-json\/wp\/v2\/types\/page"}],"author":[{"embeddable":true,"href":"https:\/\/congressogoianoortopedia.com.br\/2024\/wp-json\/wp\/v2\/users\/1"}],"replies":[{"embeddable":true,"href":"https:\/\/congressogoianoortopedia.com.br\/2024\/wp-json\/wp\/v2\/comments?post=234"}],"version-history":[{"count":97,"href":"https:\/\/congressogoianoortopedia.com.br\/2024\/wp-json\/wp\/v2\/pages\/234\/revisions"}],"predecessor-version":[{"id":1793,"href":"https:\/\/congressogoianoortopedia.com.br\/2024\/wp-json\/wp\/v2\/pages\/234\/revisions\/1793"}],"wp:attachment":[{"href":"https:\/\/congressogoianoortopedia.com.br\/2024\/wp-json\/wp\/v2\/media?parent=234"}],"curies":[{"name":"wp","href":"https:\/\/api.w.org\/{rel}","templated":true}]}}