{"id":32,"date":"2022-06-14T23:01:00","date_gmt":"2022-06-15T02:01:00","guid":{"rendered":"https:\/\/congressogoianoortopedia.com.br\/?page_id=32"},"modified":"2022-08-01T18:53:01","modified_gmt":"2022-08-01T21:53:01","slug":"inscricoes","status":"publish","type":"page","link":"https:\/\/congressogoianoortopedia.com.br\/2022\/inscricoes\/","title":{"rendered":"Inscri\u00e7\u00f5es"},"content":{"rendered":"\t\t<div data-elementor-type=\"wp-page\" data-elementor-id=\"32\" class=\"elementor elementor-32\">\n\t\t\t\t\t\t\t\t\t<section class=\"elementor-section elementor-top-section elementor-element elementor-element-5c2c24a elementor-section-height-min-height elementor-section-boxed elementor-section-height-default elementor-section-items-middle\" data-id=\"5c2c24a\" data-element_type=\"section\" data-settings=\"{&quot;background_background&quot;:&quot;classic&quot;}\">\n\t\t\t\t\t\t\t<div class=\"elementor-background-overlay\"><\/div>\n\t\t\t\t\t\t\t<div class=\"elementor-container elementor-column-gap-default\">\n\t\t\t\t\t<div class=\"elementor-column elementor-col-100 elementor-top-column elementor-element elementor-element-49fdaf3\" data-id=\"49fdaf3\" data-element_type=\"column\">\n\t\t\t<div class=\"elementor-widget-wrap elementor-element-populated\">\n\t\t\t\t\t\t\t\t\t<\/div>\n\t\t<\/div>\n\t\t\t\t\t\t\t<\/div>\n\t\t<\/section>\n\t\t\t\t<section class=\"elementor-section elementor-top-section elementor-element elementor-element-ff3956f elementor-section-boxed elementor-section-height-default elementor-section-height-default\" data-id=\"ff3956f\" data-element_type=\"section\">\n\t\t\t\t\t\t<div class=\"elementor-container elementor-column-gap-default\">\n\t\t\t\t\t<div class=\"elementor-column elementor-col-100 elementor-top-column elementor-element elementor-element-b56c9ca\" data-id=\"b56c9ca\" data-element_type=\"column\">\n\t\t\t<div class=\"elementor-widget-wrap elementor-element-populated\">\n\t\t\t\t\t\t\t\t<div class=\"elementor-element elementor-element-f26c451 elementor-widget elementor-widget-text-editor\" data-id=\"f26c451\" data-element_type=\"widget\" data-widget_type=\"text-editor.default\">\n\t\t\t\t<div class=\"elementor-widget-container\">\n\t\t\t<style>\/*! elementor - v3.13.2 - 11-05-2023 *\/\n.elementor-widget-text-editor.elementor-drop-cap-view-stacked .elementor-drop-cap{background-color:#69727d;color:#fff}.elementor-widget-text-editor.elementor-drop-cap-view-framed .elementor-drop-cap{color:#69727d;border:3px solid;background-color:transparent}.elementor-widget-text-editor:not(.elementor-drop-cap-view-default) .elementor-drop-cap{margin-top:8px}.elementor-widget-text-editor:not(.elementor-drop-cap-view-default) .elementor-drop-cap-letter{width:1em;height:1em}.elementor-widget-text-editor .elementor-drop-cap{float:left;text-align:center;line-height:1;font-size:50px}.elementor-widget-text-editor .elementor-drop-cap-letter{display:inline-block}<\/style>\t\t\t\t<table><tbody><tr><td width=\"188\"><p><strong>Categoria<\/strong><\/p><\/td><td width=\"95\"><p><strong>At\u00e9 24.06.2022<\/strong><\/p><\/td><td width=\"104\"><p><strong>At\u00e9 29.07.2022<\/strong><\/p><\/td><td width=\"104\"><p><strong>Ap\u00f3s 29.07.2022<\/strong><\/p><\/td><\/tr><tr><td width=\"188\"><p>Acad\u00eamicos<\/p><\/td><td width=\"95\"><p>R$ 150,00<\/p><\/td><td width=\"104\"><p>R$ 150,00<\/p><\/td><td width=\"104\"><p>R$ 200,00<\/p><\/td><\/tr><tr><td width=\"188\"><p>Residentes<\/p><\/td><td width=\"95\"><p>R$ 200,00<\/p><\/td><td width=\"104\"><p>R$ 250,00<\/p><\/td><td width=\"104\"><p>R$ 300,00<\/p><\/td><\/tr><tr><td width=\"188\"><p>M\u00e9dicos Associados<\/p><\/td><td width=\"95\"><p>R$ 250,00<\/p><\/td><td width=\"104\"><p>R$ 300,00<\/p><\/td><td width=\"104\"><p>R$ 350,00<\/p><\/td><\/tr><tr><td width=\"188\"><p>M\u00e9dicos N\u00e3o Associados<\/p><\/td><td width=\"95\"><p>R$ 300,00<\/p><\/td><td width=\"104\"><p>R$ 350,00<\/p><\/td><td width=\"104\"><p>R$ 400,00<\/p><\/td><\/tr><\/tbody><\/table>\t\t\t\t\t\t<\/div>\n\t\t\t\t<\/div>\n\t\t\t\t<div class=\"elementor-element elementor-element-cfb0ac1 elementor-widget elementor-widget-heading\" data-id=\"cfb0ac1\" data-element_type=\"widget\" data-widget_type=\"heading.default\">\n\t\t\t\t<div class=\"elementor-widget-container\">\n\t\t\t<style>\/*! elementor - v3.13.2 - 11-05-2023 *\/\n.elementor-heading-title{padding:0;margin:0;line-height:1}.elementor-widget-heading .elementor-heading-title[class*=elementor-size-]>a{color:inherit;font-size:inherit;line-height:inherit}.elementor-widget-heading .elementor-heading-title.elementor-size-small{font-size:15px}.elementor-widget-heading .elementor-heading-title.elementor-size-medium{font-size:19px}.elementor-widget-heading .elementor-heading-title.elementor-size-large{font-size:29px}.elementor-widget-heading .elementor-heading-title.elementor-size-xl{font-size:39px}.elementor-widget-heading .elementor-heading-title.elementor-size-xxl{font-size:59px}<\/style><h2 class=\"elementor-heading-title elementor-size-default\">Opcional: Feijoada para um(a) acompanhante R$ 80,00<\/h2>\t\t<\/div>\n\t\t\t\t<\/div>\n\t\t\t\t<div class=\"elementor-element elementor-element-dddba24 elementor-widget elementor-widget-heading\" data-id=\"dddba24\" data-element_type=\"widget\" data-widget_type=\"heading.default\">\n\t\t\t\t<div class=\"elementor-widget-container\">\n\t\t\t<h2 class=\"elementor-heading-title elementor-size-default\">Ingressos limitados.<\/h2>\t\t<\/div>\n\t\t\t\t<\/div>\n\t\t\t\t\t<\/div>\n\t\t<\/div>\n\t\t\t\t\t\t\t<\/div>\n\t\t<\/section>\n\t\t\t\t<section class=\"elementor-section elementor-top-section elementor-element elementor-element-cac5b5b elementor-section-boxed elementor-section-height-default elementor-section-height-default\" data-id=\"cac5b5b\" data-element_type=\"section\">\n\t\t\t\t\t\t<div class=\"elementor-container elementor-column-gap-default\">\n\t\t\t\t\t<div class=\"elementor-column elementor-col-100 elementor-top-column elementor-element elementor-element-746ad20\" data-id=\"746ad20\" data-element_type=\"column\">\n\t\t\t<div class=\"elementor-widget-wrap elementor-element-populated\">\n\t\t\t\t\t\t\t\t<div class=\"elementor-element elementor-element-2bdaa47 elementor-tabs-alignment-stretch elementor-tabs-view-horizontal elementor-widget elementor-widget-tabs\" data-id=\"2bdaa47\" data-element_type=\"widget\" data-widget_type=\"tabs.default\">\n\t\t\t\t<div class=\"elementor-widget-container\">\n\t\t\t<style>\/*! elementor - v3.13.2 - 11-05-2023 *\/\n.elementor-widget-tabs.elementor-tabs-view-vertical .elementor-tabs-wrapper{width:25%;flex-shrink:0}.elementor-widget-tabs.elementor-tabs-view-vertical .elementor-tab-desktop-title.elementor-active{border-right-style:none}.elementor-widget-tabs.elementor-tabs-view-vertical .elementor-tab-desktop-title.elementor-active:after,.elementor-widget-tabs.elementor-tabs-view-vertical .elementor-tab-desktop-title.elementor-active:before{height:999em;width:0;right:0;border-right-style:solid}.elementor-widget-tabs.elementor-tabs-view-vertical .elementor-tab-desktop-title.elementor-active:before{top:0;transform:translateY(-100%)}.elementor-widget-tabs.elementor-tabs-view-vertical .elementor-tab-desktop-title.elementor-active:after{top:100%}.elementor-widget-tabs.elementor-tabs-view-horizontal .elementor-tab-desktop-title{display:table-cell}.elementor-widget-tabs.elementor-tabs-view-horizontal .elementor-tab-desktop-title.elementor-active{border-bottom-style:none}.elementor-widget-tabs.elementor-tabs-view-horizontal .elementor-tab-desktop-title.elementor-active:after,.elementor-widget-tabs.elementor-tabs-view-horizontal .elementor-tab-desktop-title.elementor-active:before{bottom:0;height:0;width:999em;border-bottom-style:solid}.elementor-widget-tabs.elementor-tabs-view-horizontal .elementor-tab-desktop-title.elementor-active:before{right:100%}.elementor-widget-tabs.elementor-tabs-view-horizontal .elementor-tab-desktop-title.elementor-active:after{left:100%}.elementor-widget-tabs .elementor-tab-content,.elementor-widget-tabs .elementor-tab-title,.elementor-widget-tabs .elementor-tab-title:after,.elementor-widget-tabs .elementor-tab-title:before,.elementor-widget-tabs .elementor-tabs-content-wrapper{border:1px #d5d8dc}.elementor-widget-tabs .elementor-tabs{text-align:left}.elementor-widget-tabs .elementor-tabs-wrapper{overflow:hidden}.elementor-widget-tabs .elementor-tab-title{cursor:pointer;outline:var(--focus-outline,none)}.elementor-widget-tabs .elementor-tab-desktop-title{position:relative;padding:20px 25px;font-weight:700;line-height:1;border:solid transparent}.elementor-widget-tabs .elementor-tab-desktop-title.elementor-active{border-color:#d5d8dc}.elementor-widget-tabs .elementor-tab-desktop-title.elementor-active:after,.elementor-widget-tabs .elementor-tab-desktop-title.elementor-active:before{display:block;content:\"\";position:absolute}.elementor-widget-tabs .elementor-tab-desktop-title:focus-visible{border:1px solid #000}.elementor-widget-tabs .elementor-tab-mobile-title{padding:10px;cursor:pointer}.elementor-widget-tabs .elementor-tab-content{padding:20px;display:none}@media (max-width:767px){.elementor-tabs .elementor-tab-content,.elementor-tabs .elementor-tab-title{border-style:solid solid none}.elementor-tabs .elementor-tabs-wrapper{display:none}.elementor-tabs .elementor-tabs-content-wrapper{border-bottom-style:solid}.elementor-tabs .elementor-tab-content{padding:10px}}@media (min-width:768px){.elementor-widget-tabs.elementor-tabs-view-vertical .elementor-tabs{display:flex}.elementor-widget-tabs.elementor-tabs-view-vertical .elementor-tabs-wrapper{flex-direction:column}.elementor-widget-tabs.elementor-tabs-view-vertical .elementor-tabs-content-wrapper{flex-grow:1;border-style:solid solid solid none}.elementor-widget-tabs.elementor-tabs-view-horizontal .elementor-tab-content{border-style:none solid solid}.elementor-widget-tabs.elementor-tabs-alignment-center .elementor-tabs-wrapper,.elementor-widget-tabs.elementor-tabs-alignment-end .elementor-tabs-wrapper,.elementor-widget-tabs.elementor-tabs-alignment-stretch .elementor-tabs-wrapper{display:flex}.elementor-widget-tabs.elementor-tabs-alignment-center .elementor-tabs-wrapper{justify-content:center}.elementor-widget-tabs.elementor-tabs-alignment-end .elementor-tabs-wrapper{justify-content:flex-end}.elementor-widget-tabs.elementor-tabs-alignment-stretch.elementor-tabs-view-horizontal .elementor-tab-title{width:100%}.elementor-widget-tabs.elementor-tabs-alignment-stretch.elementor-tabs-view-vertical .elementor-tab-title{height:100%}.elementor-tabs .elementor-tab-mobile-title{display:none}}<\/style>\t\t<div class=\"elementor-tabs\">\n\t\t\t<div class=\"elementor-tabs-wrapper\" role=\"tablist\" >\n\t\t\t\t\t\t\t\t\t<div id=\"elementor-tab-title-4591\" class=\"elementor-tab-title elementor-tab-desktop-title\" aria-selected=\"true\" data-tab=\"1\" role=\"tab\" tabindex=\"0\" aria-controls=\"elementor-tab-content-4591\" aria-expanded=\"false\">Informa\u00e7\u00f5es gerais<\/div>\n\t\t\t\t\t\t\t\t\t<div id=\"elementor-tab-title-4592\" class=\"elementor-tab-title elementor-tab-desktop-title\" aria-selected=\"false\" data-tab=\"2\" role=\"tab\" tabindex=\"-1\" aria-controls=\"elementor-tab-content-4592\" aria-expanded=\"false\">Senhas de acesso<\/div>\n\t\t\t\t\t\t\t\t\t<div id=\"elementor-tab-title-4593\" class=\"elementor-tab-title elementor-tab-desktop-title\" aria-selected=\"false\" data-tab=\"3\" role=\"tab\" tabindex=\"-1\" aria-controls=\"elementor-tab-content-4593\" aria-expanded=\"false\">Confirma\u00e7\u00e3o<\/div>\n\t\t\t\t\t\t\t\t\t<div id=\"elementor-tab-title-4594\" class=\"elementor-tab-title elementor-tab-desktop-title\" aria-selected=\"false\" data-tab=\"4\" role=\"tab\" tabindex=\"-1\" aria-controls=\"elementor-tab-content-4594\" aria-expanded=\"false\">Pol\u00edticas<\/div>\n\t\t\t\t\t\t\t<\/div>\n\t\t\t<div class=\"elementor-tabs-content-wrapper\" role=\"tablist\" aria-orientation=\"vertical\">\n\t\t\t\t\t\t\t\t\t<div class=\"elementor-tab-title elementor-tab-mobile-title\" aria-selected=\"true\" data-tab=\"1\" role=\"tab\" tabindex=\"0\" aria-controls=\"elementor-tab-content-4591\" aria-expanded=\"false\">Informa\u00e7\u00f5es gerais<\/div>\n\t\t\t\t\t<div id=\"elementor-tab-content-4591\" class=\"elementor-tab-content elementor-clearfix\" data-tab=\"1\" role=\"tabpanel\" aria-labelledby=\"elementor-tab-title-4591\" tabindex=\"0\" hidden=\"false\"><p>OS congressistas j\u00e1 possuem ingresso da feijoada incluso no valor da inscri\u00e7\u00e3o e se desejar, poder\u00e3o adicionar para um(a) acompanhante por R$ 80,00.<\/p><p>Para as categorias de Acad\u00eamicos e M\u00e9dicos Residentes, ser\u00e1 imprescind\u00edvel encaminhar comprovante de categoria no ato da inscri\u00e7\u00e3o.<\/p><p><strong>Obs:<\/strong> Ser\u00e3o aceitos os seguintes comprovantes de categoria:<\/p><p>Carteirinha de estudante (frente e verso);<\/p><p>Declara\u00e7\u00e3o de matricula ou frequ\u00eancia assinada e carimbada pela institui\u00e7\u00e3o de ensino ou trabalho;<\/p><p>Boleto quitado de mensalidade do semestre vigente da institui\u00e7\u00e3o de ensino.<\/p><\/div>\n\t\t\t\t\t\t\t\t\t<div class=\"elementor-tab-title elementor-tab-mobile-title\" aria-selected=\"false\" data-tab=\"2\" role=\"tab\" tabindex=\"-1\" aria-controls=\"elementor-tab-content-4592\" aria-expanded=\"false\">Senhas de acesso<\/div>\n\t\t\t\t\t<div id=\"elementor-tab-content-4592\" class=\"elementor-tab-content elementor-clearfix\" data-tab=\"2\" role=\"tabpanel\" aria-labelledby=\"elementor-tab-title-4592\" tabindex=\"0\" hidden=\"hidden\"><p>No ato do cadastro, voc\u00ea precisar\u00e1 criar uma senha que juntamente com seu CPF ou e-mail ser\u00e3o as credenciais para acessar sua \u00e1rea de participante posteriormente e ter acesso a todos os servi\u00e7os oferecidos no evento.<\/p><p>O\u00a0<em>login<\/em>\u00a0e a senha criados s\u00e3o pessoais, intransfer\u00edveis e para seu conhecimento e uso exclusivo.\u00a0<strong>VOC\u00ca<\/strong>\u00a0dever\u00e1 assegurar e proteger em quaisquer circunst\u00e2ncias a confidencialidade e a seguran\u00e7a de seu\u00a0<em>login<\/em>\u00a0e senha. Assim,\u00a0<strong>VOC\u00ca<\/strong>\u00a0n\u00e3o dever\u00e1 revelar suas credenciais de acesso a terceiros, nem as inserir em sistemas inform\u00e1ticos que permitam a sua descodifica\u00e7\u00e3o e c\u00f3pia, assegurando-se de que o equipamento utilizado para acesso ao nosso site se encontra devidamente protegido contra softwares maliciosos e do acesso indevido por terceiros.<\/p><p>Se voc\u00ea descumprir as obriga\u00e7\u00f5es aqui apresentadas, voc\u00ea estar\u00e1 praticando ato de exclusiva responsabilidade, sendo que eventuais preju\u00edzos decorrentes de tal ato ser\u00e3o suportados por\u00a0<strong>VOC\u00ca<\/strong>\u00a0exclusivamente.<\/p><\/div>\n\t\t\t\t\t\t\t\t\t<div class=\"elementor-tab-title elementor-tab-mobile-title\" aria-selected=\"false\" data-tab=\"3\" role=\"tab\" tabindex=\"-1\" aria-controls=\"elementor-tab-content-4593\" aria-expanded=\"false\">Confirma\u00e7\u00e3o<\/div>\n\t\t\t\t\t<div id=\"elementor-tab-content-4593\" class=\"elementor-tab-content elementor-clearfix\" data-tab=\"3\" role=\"tabpanel\" aria-labelledby=\"elementor-tab-title-4593\" tabindex=\"0\" hidden=\"hidden\"><p>Sua inscri\u00e7\u00e3o ser\u00e1 confirmada automaticamente ap\u00f3s o pagamento com Cart\u00e3o de Cr\u00e9dito ou PIX ou em at\u00e9 1 dia \u00fatil ap\u00f3s o pagamento com Boleto Banc\u00e1rio.<\/p><p>Voc\u00ea receber\u00e1 um e-mail de confirma\u00e7\u00e3o e poder\u00e1 a qualquer momento consultar o status de sua inscri\u00e7\u00e3o em\u00a0<a href=\"https:\/\/congressogoianoortopedia.com.br\/2022\/login\/\"><strong>Login<\/strong><\/a>.<\/p><\/div>\n\t\t\t\t\t\t\t\t\t<div class=\"elementor-tab-title elementor-tab-mobile-title\" aria-selected=\"false\" data-tab=\"4\" role=\"tab\" tabindex=\"-1\" aria-controls=\"elementor-tab-content-4594\" aria-expanded=\"false\">Pol\u00edticas<\/div>\n\t\t\t\t\t<div id=\"elementor-tab-content-4594\" class=\"elementor-tab-content elementor-clearfix\" data-tab=\"4\" role=\"tabpanel\" aria-labelledby=\"elementor-tab-title-4594\" tabindex=\"0\" hidden=\"hidden\"><p>Desist\u00eancia e Reembolso<\/p><p>Em caso de comunica\u00e7\u00e3o e justificativa formal de desist\u00eancia de participa\u00e7\u00e3o, a devolu\u00e7\u00e3o de valores pagos ser\u00e1 efetuada at\u00e9 45 dias ap\u00f3s a realiza\u00e7\u00e3o do evento.<\/p><p>As devolu\u00e7\u00f5es seguir\u00e3o os seguintes crit\u00e9rios:<\/p><table><tbody><tr><td width=\"189\"><p>Justificativa *<\/p><\/td><td width=\"189\"><p>Prazo para Solicita\u00e7\u00e3o<\/p><\/td><td width=\"189\"><p>Valor a ser reembolsado<\/p><\/td><\/tr><tr><td width=\"189\"><p>Sem justificativa<\/p><\/td><td width=\"189\"><p>At\u00e9 60 (sessenta) dias antes do in\u00edcio do Congresso<\/p><\/td><td width=\"189\"><p>50% do valor pago<\/p><\/td><\/tr><tr><td width=\"189\"><p>Problemas de sa\u00fade<\/p><\/td><td width=\"189\"><p>At\u00e9 5 (cinco) dias antes do in\u00edcio do Congresso<\/p><\/td><td width=\"189\"><p>50% do valor pago<\/p><\/td><\/tr><\/tbody><\/table><\/div>\n\t\t\t\t\t\t\t<\/div>\n\t\t<\/div>\n\t\t\t\t<\/div>\n\t\t\t\t<\/div>\n\t\t\t\t\t<\/div>\n\t\t<\/div>\n\t\t\t\t\t\t\t<\/div>\n\t\t<\/section>\n\t\t\t\t<section class=\"elementor-section elementor-top-section elementor-element elementor-element-9c92a0c elementor-section-boxed elementor-section-height-default elementor-section-height-default\" data-id=\"9c92a0c\" data-element_type=\"section\">\n\t\t\t\t\t\t<div class=\"elementor-container elementor-column-gap-default\">\n\t\t\t\t\t<div class=\"elementor-column elementor-col-100 elementor-top-column elementor-element elementor-element-298d5b6\" data-id=\"298d5b6\" data-element_type=\"column\">\n\t\t\t<div class=\"elementor-widget-wrap elementor-element-populated\">\n\t\t\t\t\t\t\t\t<div class=\"elementor-element elementor-element-0752d2a elementor-widget elementor-widget-html\" data-id=\"0752d2a\" data-element_type=\"widget\" data-widget_type=\"html.default\">\n\t\t\t\t<div class=\"elementor-widget-container\">\n\t\t\t<iframe id=\"ic8ab84dfe7d14185bf6fb23f25c2af09\" src=\"https:\/\/web.eventogyn.com.br\/event\/ortopedia\/registration\" scrolling=\"no\" style=\"border: 0px; max-width: 100%; width: 100%;\"><\/iframe>\r\n<script src=\"https:\/\/web.eventogyn.com.br\/node_modules\/iframe-resizer\/js\/iframeResizer.min.js?2.59.5\"><\/script>\r\n<script>iFrameResize({ log: true }, \"#ic8ab84dfe7d14185bf6fb23f25c2af09\")<\/script>\t\t<\/div>\n\t\t\t\t<\/div>\n\t\t\t\t\t<\/div>\n\t\t<\/div>\n\t\t\t\t\t\t\t<\/div>\n\t\t<\/section>\n\t\t\t\t<section class=\"elementor-section elementor-top-section elementor-element elementor-element-ff80ca0 elementor-section-boxed elementor-section-height-default elementor-section-height-default\" data-id=\"ff80ca0\" data-element_type=\"section\">\n\t\t\t\t\t\t<div class=\"elementor-container elementor-column-gap-default\">\n\t\t\t\t\t<div class=\"elementor-column elementor-col-100 elementor-top-column elementor-element elementor-element-36d264e\" data-id=\"36d264e\" data-element_type=\"column\">\n\t\t\t<div class=\"elementor-widget-wrap elementor-element-populated\">\n\t\t\t\t\t\t\t\t<div class=\"elementor-element elementor-element-5d2f53d elementor-widget elementor-widget-spacer\" data-id=\"5d2f53d\" data-element_type=\"widget\" data-widget_type=\"spacer.default\">\n\t\t\t\t<div class=\"elementor-widget-container\">\n\t\t\t<style>\/*! elementor - v3.13.2 - 11-05-2023 *\/\n.elementor-column .elementor-spacer-inner{height:var(--spacer-size)}.e-con{--container-widget-width:100%}.e-con-inner>.elementor-widget-spacer,.e-con>.elementor-widget-spacer{width:var(--container-widget-width,var(--spacer-size));--align-self:var(--container-widget-align-self,initial);--flex-shrink:0}.e-con-inner>.elementor-widget-spacer>.elementor-widget-container,.e-con-inner>.elementor-widget-spacer>.elementor-widget-container>.elementor-spacer,.e-con>.elementor-widget-spacer>.elementor-widget-container,.e-con>.elementor-widget-spacer>.elementor-widget-container>.elementor-spacer{height:100%}.e-con-inner>.elementor-widget-spacer>.elementor-widget-container>.elementor-spacer>.elementor-spacer-inner,.e-con>.elementor-widget-spacer>.elementor-widget-container>.elementor-spacer>.elementor-spacer-inner{height:var(--container-widget-height,var(--spacer-size))}<\/style>\t\t<div class=\"elementor-spacer\">\n\t\t\t<div class=\"elementor-spacer-inner\"><\/div>\n\t\t<\/div>\n\t\t\t\t<\/div>\n\t\t\t\t<\/div>\n\t\t\t\t\t<\/div>\n\t\t<\/div>\n\t\t\t\t\t\t\t<\/div>\n\t\t<\/section>\n\t\t\t\t\t\t\t<\/div>\n\t\t","protected":false},"excerpt":{"rendered":"<p>Categoria At\u00e9 24.06.2022 At\u00e9 29.07.2022 Ap\u00f3s 29.07.2022 Acad\u00eamicos R$ 150,00 R$ 150,00 R$ 200,00 Residentes R$ 200,00 R$ 250,00 R$ 300,00 M\u00e9dicos Associados R$ 250,00 R$ 300,00 R$ 350,00 M\u00e9dicos N\u00e3o Associados R$ 300,00 R$ 350,00 R$ 400,00 Opcional: Feijoada para um(a) acompanhante R$ 80,00 Ingressos limitados. Informa\u00e7\u00f5es gerais Senhas de acesso Confirma\u00e7\u00e3o Pol\u00edticas Informa\u00e7\u00f5es [&hellip;]<\/p>\n","protected":false},"author":1,"featured_media":0,"parent":0,"menu_order":0,"comment_status":"closed","ping_status":"closed","template":"elementor_header_footer","meta":[],"aioseo_notices":[],"_links":{"self":[{"href":"https:\/\/congressogoianoortopedia.com.br\/2022\/wp-json\/wp\/v2\/pages\/32"}],"collection":[{"href":"https:\/\/congressogoianoortopedia.com.br\/2022\/wp-json\/wp\/v2\/pages"}],"about":[{"href":"https:\/\/congressogoianoortopedia.com.br\/2022\/wp-json\/wp\/v2\/types\/page"}],"author":[{"embeddable":true,"href":"https:\/\/congressogoianoortopedia.com.br\/2022\/wp-json\/wp\/v2\/users\/1"}],"replies":[{"embeddable":true,"href":"https:\/\/congressogoianoortopedia.com.br\/2022\/wp-json\/wp\/v2\/comments?post=32"}],"version-history":[{"count":43,"href":"https:\/\/congressogoianoortopedia.com.br\/2022\/wp-json\/wp\/v2\/pages\/32\/revisions"}],"predecessor-version":[{"id":416,"href":"https:\/\/congressogoianoortopedia.com.br\/2022\/wp-json\/wp\/v2\/pages\/32\/revisions\/416"}],"wp:attachment":[{"href":"https:\/\/congressogoianoortopedia.com.br\/2022\/wp-json\/wp\/v2\/media?parent=32"}],"curies":[{"name":"wp","href":"https:\/\/api.w.org\/{rel}","templated":true}]}}