{"id":26,"date":"2022-06-14T22:59:27","date_gmt":"2022-06-15T01:59:27","guid":{"rendered":"https:\/\/congressogoianoortopedia.com.br\/?page_id=26"},"modified":"2022-06-15T22:58:59","modified_gmt":"2022-06-16T01:58:59","slug":"o-evento","status":"publish","type":"page","link":"https:\/\/congressogoianoortopedia.com.br\/2022\/o-evento\/","title":{"rendered":"O Evento"},"content":{"rendered":"\t\t<div data-elementor-type=\"wp-page\" data-elementor-id=\"26\" class=\"elementor elementor-26\">\n\t\t\t\t\t\t\t\t\t<section class=\"elementor-section elementor-top-section elementor-element elementor-element-1fee374 elementor-section-height-min-height elementor-section-boxed elementor-section-height-default elementor-section-items-middle\" data-id=\"1fee374\" data-element_type=\"section\" data-settings=\"{&quot;background_background&quot;:&quot;classic&quot;}\">\n\t\t\t\t\t\t\t<div class=\"elementor-background-overlay\"><\/div>\n\t\t\t\t\t\t\t<div class=\"elementor-container elementor-column-gap-default\">\n\t\t\t\t\t<div class=\"elementor-column elementor-col-100 elementor-top-column elementor-element elementor-element-9a1d0db\" data-id=\"9a1d0db\" data-element_type=\"column\">\n\t\t\t<div class=\"elementor-widget-wrap elementor-element-populated\">\n\t\t\t\t\t\t\t\t\t<\/div>\n\t\t<\/div>\n\t\t\t\t\t\t\t<\/div>\n\t\t<\/section>\n\t\t\t\t<section class=\"elementor-section elementor-top-section elementor-element elementor-element-4053a7f elementor-section-boxed elementor-section-height-default elementor-section-height-default\" data-id=\"4053a7f\" data-element_type=\"section\">\n\t\t\t\t\t\t<div class=\"elementor-container elementor-column-gap-default\">\n\t\t\t\t\t<div class=\"elementor-column elementor-col-100 elementor-top-column elementor-element elementor-element-213134d\" data-id=\"213134d\" data-element_type=\"column\">\n\t\t\t<div class=\"elementor-widget-wrap elementor-element-populated\">\n\t\t\t\t\t\t\t\t<div class=\"elementor-element elementor-element-2a9b0e0 elementor-widget elementor-widget-text-editor\" data-id=\"2a9b0e0\" data-element_type=\"widget\" data-widget_type=\"text-editor.default\">\n\t\t\t\t<div class=\"elementor-widget-container\">\n\t\t\t<style>\/*! elementor - v3.13.2 - 11-05-2023 *\/\n.elementor-widget-text-editor.elementor-drop-cap-view-stacked .elementor-drop-cap{background-color:#69727d;color:#fff}.elementor-widget-text-editor.elementor-drop-cap-view-framed .elementor-drop-cap{color:#69727d;border:3px solid;background-color:transparent}.elementor-widget-text-editor:not(.elementor-drop-cap-view-default) .elementor-drop-cap{margin-top:8px}.elementor-widget-text-editor:not(.elementor-drop-cap-view-default) .elementor-drop-cap-letter{width:1em;height:1em}.elementor-widget-text-editor .elementor-drop-cap{float:left;text-align:center;line-height:1;font-size:50px}.elementor-widget-text-editor .elementor-drop-cap-letter{display:inline-block}<\/style>\t\t\t\t<p>Prezados colegas,<\/p><p>Um dos desafios que a diretoria 2022 da SBOT &#8211; Regional Goi\u00e1s assumiu foi a retomada das atividades presenciais.<\/p><p>\u00c9 com grande satisfa\u00e7\u00e3o e alegria, neste sentido, estamos preparando o 16\u00ba Congresso Goiano de Ortopedia em formato presencial, que acontecer\u00e1 no Castro\u00b4s Park Hotel, na cidade de Goi\u00e2nia -GO nos dias 05 e 06 de agosto deste ano.<\/p><p>Ap\u00f3s dois anos de pandemia com restri\u00e7\u00e3o de atividades, o tema do nosso congresso ser\u00e1: \u201cOrtopedia p\u00f3s pandemia, o que h\u00e1 de novo?\u201d<\/p><p>Mas outra parte importante de um Congresso, sempre foi a intera\u00e7\u00e3o humana, o congressamento entre seus membros, poder rever os colegas, e trocar experiencias.<\/p><p>Para isso, uma programa\u00e7\u00e3o cientifica englobando as diversas \u00e1reas da ortopedia, est\u00e1 sendo preparada, enfocando tanto os cuidados de terapias cir\u00fargicas e n\u00e3o cir\u00fargicas, com novas terapias, novos materiais, ou novas t\u00e9cnicas para procedimentos cl\u00e1ssicos.<\/p><p>Al\u00e9m disso teremos espa\u00e7o para discutir novos desafios para nossa profiss\u00e3o com a mudan\u00e7a do mercado de sa\u00fade e mesmo atendimento da sa\u00fade com uso de novas tecnologias.<\/p><p>Assim deixo o convite para que os colegas reservem um tempo nas suas agendas e se programem para aproveitar esses dois dias do nosso Congresso, que com certeza ser\u00e1 uma excelente oportunidade para atualiza\u00e7\u00e3o e confraterniza\u00e7\u00e3o.<\/p><p><strong>Um forte abra\u00e7o a todos,<\/strong><\/p>\t\t\t\t\t\t<\/div>\n\t\t\t\t<\/div>\n\t\t\t\t<div class=\"elementor-element elementor-element-7c5a3de elementor-position-right elementor-vertical-align-top elementor-widget elementor-widget-image-box\" data-id=\"7c5a3de\" data-element_type=\"widget\" data-widget_type=\"image-box.default\">\n\t\t\t\t<div class=\"elementor-widget-container\">\n\t\t\t<style>\/*! elementor - v3.13.2 - 11-05-2023 *\/\n.elementor-widget-image-box .elementor-image-box-content{width:100%}@media (min-width:768px){.elementor-widget-image-box.elementor-position-left .elementor-image-box-wrapper,.elementor-widget-image-box.elementor-position-right .elementor-image-box-wrapper{display:flex}.elementor-widget-image-box.elementor-position-right .elementor-image-box-wrapper{text-align:right;flex-direction:row-reverse}.elementor-widget-image-box.elementor-position-left .elementor-image-box-wrapper{text-align:left;flex-direction:row}.elementor-widget-image-box.elementor-position-top .elementor-image-box-img{margin:auto}.elementor-widget-image-box.elementor-vertical-align-top .elementor-image-box-wrapper{align-items:flex-start}.elementor-widget-image-box.elementor-vertical-align-middle .elementor-image-box-wrapper{align-items:center}.elementor-widget-image-box.elementor-vertical-align-bottom .elementor-image-box-wrapper{align-items:flex-end}}@media (max-width:767px){.elementor-widget-image-box .elementor-image-box-img{margin-left:auto!important;margin-right:auto!important;margin-bottom:15px}}.elementor-widget-image-box .elementor-image-box-img{display:inline-block}.elementor-widget-image-box .elementor-image-box-title a{color:inherit}.elementor-widget-image-box .elementor-image-box-wrapper{text-align:center}.elementor-widget-image-box .elementor-image-box-description{margin:0}<\/style><div class=\"elementor-image-box-wrapper\"><figure class=\"elementor-image-box-img\"><img width=\"768\" height=\"767\" src=\"https:\/\/congressogoianoortopedia.com.br\/2022\/wp-content\/uploads\/2022\/06\/Andre-Luiz-Passos-Cardoso.jpeg\" class=\"attachment-full size-full wp-image-114\" alt=\"\" loading=\"lazy\" srcset=\"https:\/\/congressogoianoortopedia.com.br\/2022\/wp-content\/uploads\/2022\/06\/Andre-Luiz-Passos-Cardoso.jpeg 768w, https:\/\/congressogoianoortopedia.com.br\/2022\/wp-content\/uploads\/2022\/06\/Andre-Luiz-Passos-Cardoso-300x300.jpeg 300w, https:\/\/congressogoianoortopedia.com.br\/2022\/wp-content\/uploads\/2022\/06\/Andre-Luiz-Passos-Cardoso-150x150.jpeg 150w\" sizes=\"(max-width: 768px) 100vw, 768px\" \/><\/figure><div class=\"elementor-image-box-content\"><h3 class=\"elementor-image-box-title\">Dr. Andre Luiz Passos Cardoso<\/h3><p class=\"elementor-image-box-description\">Presidente do 16\u00ba CongressoGoiano de Ortopedia e Traumatologia<\/p><\/div><\/div>\t\t<\/div>\n\t\t\t\t<\/div>\n\t\t\t\t\t<\/div>\n\t\t<\/div>\n\t\t\t\t\t\t\t<\/div>\n\t\t<\/section>\n\t\t\t\t\t\t\t<\/div>\n\t\t","protected":false},"excerpt":{"rendered":"<p>Prezados colegas, Um dos desafios que a diretoria 2022 da SBOT &#8211; Regional Goi\u00e1s assumiu foi a retomada das atividades presenciais. \u00c9 com grande satisfa\u00e7\u00e3o e alegria, neste sentido, estamos preparando o 16\u00ba Congresso Goiano de Ortopedia em formato presencial, que acontecer\u00e1 no Castro\u00b4s Park Hotel, na cidade de Goi\u00e2nia -GO nos dias 05 e [&hellip;]<\/p>\n","protected":false},"author":1,"featured_media":0,"parent":0,"menu_order":0,"comment_status":"closed","ping_status":"closed","template":"elementor_header_footer","meta":[],"aioseo_notices":[],"_links":{"self":[{"href":"https:\/\/congressogoianoortopedia.com.br\/2022\/wp-json\/wp\/v2\/pages\/26"}],"collection":[{"href":"https:\/\/congressogoianoortopedia.com.br\/2022\/wp-json\/wp\/v2\/pages"}],"about":[{"href":"https:\/\/congressogoianoortopedia.com.br\/2022\/wp-json\/wp\/v2\/types\/page"}],"author":[{"embeddable":true,"href":"https:\/\/congressogoianoortopedia.com.br\/2022\/wp-json\/wp\/v2\/users\/1"}],"replies":[{"embeddable":true,"href":"https:\/\/congressogoianoortopedia.com.br\/2022\/wp-json\/wp\/v2\/comments?post=26"}],"version-history":[{"count":16,"href":"https:\/\/congressogoianoortopedia.com.br\/2022\/wp-json\/wp\/v2\/pages\/26\/revisions"}],"predecessor-version":[{"id":152,"href":"https:\/\/congressogoianoortopedia.com.br\/2022\/wp-json\/wp\/v2\/pages\/26\/revisions\/152"}],"wp:attachment":[{"href":"https:\/\/congressogoianoortopedia.com.br\/2022\/wp-json\/wp\/v2\/media?parent=26"}],"curies":[{"name":"wp","href":"https:\/\/api.w.org\/{rel}","templated":true}]}}